{"id":32,"date":"2024-11-10T12:03:53","date_gmt":"2024-11-10T12:03:53","guid":{"rendered":"https:\/\/www.byspania.com.py\/?page_id=32"},"modified":"2024-11-12T13:52:52","modified_gmt":"2024-11-12T13:52:52","slug":"rse","status":"publish","type":"page","link":"https:\/\/www.byspania.com.py\/index.php\/rse\/","title":{"rendered":"RSE"},"content":{"rendered":"\t\t<div data-elementor-type=\"wp-page\" data-elementor-id=\"32\" class=\"elementor elementor-32\" data-elementor-post-type=\"page\">\n\t\t\t\t<div class=\"elementor-element elementor-element-70d3a33 e-con-full e-flex e-con e-parent\" data-id=\"70d3a33\" data-element_type=\"container\" data-settings=\"{&quot;background_background&quot;:&quot;classic&quot;}\">\n\t\t<div class=\"elementor-element elementor-element-6bcd132 e-flex e-con-boxed e-con e-child\" data-id=\"6bcd132\" data-element_type=\"container\">\n\t\t\t\t\t<div class=\"e-con-inner\">\n\t\t\t\t<div class=\"elementor-element elementor-element-95cc952 elementor-widget elementor-widget-heading\" data-id=\"95cc952\" data-element_type=\"widget\" data-widget_type=\"heading.default\">\n\t\t\t\t<div class=\"elementor-widget-container\">\n\t\t\t\t\t<h2 class=\"elementor-heading-title elementor-size-default\">Contribuyendo\u00a0a\u00a0la\u00a0Comunidad<\/h2>\t\t\t\t<\/div>\n\t\t\t\t<\/div>\n\t\t\t\t<div class=\"elementor-element elementor-element-8366d1f elementor-widget elementor-widget-heading\" data-id=\"8366d1f\" data-element_type=\"widget\" data-widget_type=\"heading.default\">\n\t\t\t\t<div class=\"elementor-widget-container\">\n\t\t\t\t\t<h2 class=\"elementor-heading-title elementor-size-default\"><b>Responsabilidad Social<\/b><\/h2>\t\t\t\t<\/div>\n\t\t\t\t<\/div>\n\t\t\t\t\t<\/div>\n\t\t\t\t<\/div>\n\t\t\t\t<\/div>\n\t\t<div class=\"elementor-element elementor-element-d058727 e-flex e-con-boxed e-con e-parent\" data-id=\"d058727\" data-element_type=\"container\">\n\t\t\t\t\t<div class=\"e-con-inner\">\n\t\t<div class=\"elementor-element elementor-element-32d701e e-con-full e-flex e-con e-child\" data-id=\"32d701e\" data-element_type=\"container\">\n\t\t\t\t<div class=\"elementor-element elementor-element-2263956 elementor-widget elementor-widget-heading\" data-id=\"2263956\" data-element_type=\"widget\" data-widget_type=\"heading.default\">\n\t\t\t\t<div class=\"elementor-widget-container\">\n\t\t\t\t\t<h2 class=\"elementor-heading-title elementor-size-default\">Fundaci\u00f3n Alda<\/h2>\t\t\t\t<\/div>\n\t\t\t\t<\/div>\n\t\t\t\t<div class=\"elementor-element elementor-element-fc1875d elementor-widget elementor-widget-text-editor\" data-id=\"fc1875d\" data-element_type=\"widget\" data-widget_type=\"text-editor.default\">\n\t\t\t\t<div class=\"elementor-widget-container\">\n\t\t\t\t\t\t\t\t\t<p>Fundaci\u00f3n Alda es una entidad privada, sin \u00e1nimo de lucro, constituida en el a\u00f1o 2003, que trabaja para la transformaci\u00f3n social en poblaciones y zonas vulnerables de Paraguay.<\/p><p>Busca contribuir a mejorar la calidad de la educaci\u00f3n de ni\u00f1os, ni\u00f1as, j\u00f3venes, y comunidades en las que est\u00e1 presente.<\/p><p>Pretende aportar al logro de los Objetivos de Desarrollo del Milenio: &#8220;Erradicar la extrema pobreza y el hambre y lograr la educaci\u00f3n primaria universal&#8221;.<\/p>\t\t\t\t\t\t\t\t<\/div>\n\t\t\t\t<\/div>\n\t\t\t\t<\/div>\n\t\t<div class=\"elementor-element elementor-element-23d5484 e-con-full e-flex e-con e-child\" data-id=\"23d5484\" data-element_type=\"container\" data-settings=\"{&quot;background_background&quot;:&quot;classic&quot;}\">\n\t\t\t\t<div class=\"elementor-element elementor-element-f7e17c9 elementor-widget elementor-widget-spacer\" data-id=\"f7e17c9\" data-element_type=\"widget\" data-widget_type=\"spacer.default\">\n\t\t\t\t<div class=\"elementor-widget-container\">\n\t\t\t\t\t\t\t<div class=\"elementor-spacer\">\n\t\t\t<div class=\"elementor-spacer-inner\"><\/div>\n\t\t<\/div>\n\t\t\t\t\t\t<\/div>\n\t\t\t\t<\/div>\n\t\t\t\t<\/div>\n\t\t\t\t\t<\/div>\n\t\t\t\t<\/div>\n\t\t<div class=\"elementor-element elementor-element-c4d83df e-flex e-con-boxed e-con e-parent\" data-id=\"c4d83df\" data-element_type=\"container\">\n\t\t\t\t\t<div class=\"e-con-inner\">\n\t\t<div class=\"elementor-element elementor-element-87e3f7c e-con-full e-flex e-con e-child\" data-id=\"87e3f7c\" data-element_type=\"container\">\n\t\t\t\t<div class=\"elementor-element elementor-element-c0870a5 elementor-widget elementor-widget-heading\" data-id=\"c0870a5\" data-element_type=\"widget\" data-widget_type=\"heading.default\">\n\t\t\t\t<div class=\"elementor-widget-container\">\n\t\t\t\t\t<h2 class=\"elementor-heading-title elementor-size-default\">Fundaci\u00f3n CONIN Paraguay<\/h2>\t\t\t\t<\/div>\n\t\t\t\t<\/div>\n\t\t\t\t<div class=\"elementor-element elementor-element-d31648d elementor-widget elementor-widget-text-editor\" data-id=\"d31648d\" data-element_type=\"widget\" data-widget_type=\"text-editor.default\">\n\t\t\t\t<div class=\"elementor-widget-container\">\n\t\t\t\t\t\t\t\t\t<p>\u201cLa desnutrici\u00f3n infantil afecta a toda la sociedad ya que la principal riqueza de un pa\u00eds reside en su capital humano, y si esta est\u00e1 da\u00f1ado, ese pa\u00eds no tiene futuro\u201d\u2028- Dr. Abel Albino.<\/p><p>La Fundaci\u00f3n CONIN Paraguay es una organizaci\u00f3n sin fines de lucro abocada a erradicar la desnutrici\u00f3n infantil. La misma cuenta con dos centros de atenci\u00f3n y apoyo para ni\u00f1os\/as y madres denominados Tablada Nueva (Ba\u00f1ado Norte) y San Cayetano (Ba\u00f1ado Sur).Trabaja en crear cambios de h\u00e1bitos para cortar el ciclo de la desnutrici\u00f3n brindando asistencia a ni\u00f1os\/as de 0 a 5 a\u00f1os y a sus madres. En estos 20 a\u00f1os hemos asistido a m\u00e1s de 5.500 ni\u00f1os\/as y hemos apoyado a m\u00e1s de 5.300 madres alimentando, capacitando y educando.<\/p>\t\t\t\t\t\t\t\t<\/div>\n\t\t\t\t<\/div>\n\t\t\t\t<\/div>\n\t\t<div class=\"elementor-element elementor-element-3f7c97e e-con-full e-flex e-con e-child\" data-id=\"3f7c97e\" data-element_type=\"container\" data-settings=\"{&quot;background_background&quot;:&quot;classic&quot;}\">\n\t\t\t\t<div class=\"elementor-element elementor-element-fa2f7ab elementor-widget elementor-widget-spacer\" data-id=\"fa2f7ab\" data-element_type=\"widget\" data-widget_type=\"spacer.default\">\n\t\t\t\t<div class=\"elementor-widget-container\">\n\t\t\t\t\t\t\t<div class=\"elementor-spacer\">\n\t\t\t<div class=\"elementor-spacer-inner\"><\/div>\n\t\t<\/div>\n\t\t\t\t\t\t<\/div>\n\t\t\t\t<\/div>\n\t\t\t\t<\/div>\n\t\t\t\t\t<\/div>\n\t\t\t\t<\/div>\n\t\t\t\t<\/div>\n\t\t","protected":false},"excerpt":{"rendered":"<p>Contribuyendo\u00a0a\u00a0la\u00a0Comunidad Responsabilidad Social Fundaci\u00f3n Alda Fundaci\u00f3n Alda es una entidad privada, sin \u00e1nimo de lucro, constituida en el a\u00f1o 2003, [&hellip;]<\/p>\n","protected":false},"author":1,"featured_media":0,"parent":0,"menu_order":0,"comment_status":"closed","ping_status":"closed","template":"","meta":{"site-sidebar-layout":"no-sidebar","site-content-layout":"","ast-site-content-layout":"full-width-container","site-content-style":"default","site-sidebar-style":"default","ast-global-header-display":"","ast-banner-title-visibility":"","ast-main-header-display":"","ast-hfb-above-header-display":"","ast-hfb-below-header-display":"","ast-hfb-mobile-header-display":"","site-post-title":"disabled","ast-breadcrumbs-content":"","ast-featured-img":"disabled","footer-sml-layout":"","theme-transparent-header-meta":"","adv-header-id-meta":"","stick-header-meta":"","header-above-stick-meta":"","header-main-stick-meta":"","header-below-stick-meta":"","astra-migrate-meta-layouts":"default","ast-page-background-enabled":"default","ast-page-background-meta":{"desktop":{"background-color":"var(--ast-global-color-4)","background-image":"","background-repeat":"repeat","background-position":"center center","background-size":"auto","background-attachment":"scroll","background-type":"","background-media":"","overlay-type":"","overlay-color":"","overlay-opacity":"","overlay-gradient":""},"tablet":{"background-color":"","background-image":"","background-repeat":"repeat","background-position":"center center","background-size":"auto","background-attachment":"scroll","background-type":"","background-media":"","overlay-type":"","overlay-color":"","overlay-opacity":"","overlay-gradient":""},"mobile":{"background-color":"","background-image":"","background-repeat":"repeat","background-position":"center center","background-size":"auto","background-attachment":"scroll","background-type":"","background-media":"","overlay-type":"","overlay-color":"","overlay-opacity":"","overlay-gradient":""}},"ast-content-background-meta":{"desktop":{"background-color":"var(--ast-global-color-5)","background-image":"","background-repeat":"repeat","background-position":"center center","background-size":"auto","background-attachment":"scroll","background-type":"","background-media":"","overlay-type":"","overlay-color":"","overlay-opacity":"","overlay-gradient":""},"tablet":{"background-color":"var(--ast-global-color-5)","background-image":"","background-repeat":"repeat","background-position":"center center","background-size":"auto","background-attachment":"scroll","background-type":"","background-media":"","overlay-type":"","overlay-color":"","overlay-opacity":"","overlay-gradient":""},"mobile":{"background-color":"var(--ast-global-color-5)","background-image":"","background-repeat":"repeat","background-position":"center center","background-size":"auto","background-attachment":"scroll","background-type":"","background-media":"","overlay-type":"","overlay-color":"","overlay-opacity":"","overlay-gradient":""}},"footnotes":""},"class_list":["post-32","page","type-page","status-publish","hentry"],"_links":{"self":[{"href":"https:\/\/www.byspania.com.py\/index.php\/wp-json\/wp\/v2\/pages\/32","targetHints":{"allow":["GET"]}}],"collection":[{"href":"https:\/\/www.byspania.com.py\/index.php\/wp-json\/wp\/v2\/pages"}],"about":[{"href":"https:\/\/www.byspania.com.py\/index.php\/wp-json\/wp\/v2\/types\/page"}],"author":[{"embeddable":true,"href":"https:\/\/www.byspania.com.py\/index.php\/wp-json\/wp\/v2\/users\/1"}],"replies":[{"embeddable":true,"href":"https:\/\/www.byspania.com.py\/index.php\/wp-json\/wp\/v2\/comments?post=32"}],"version-history":[{"count":10,"href":"https:\/\/www.byspania.com.py\/index.php\/wp-json\/wp\/v2\/pages\/32\/revisions"}],"predecessor-version":[{"id":537,"href":"https:\/\/www.byspania.com.py\/index.php\/wp-json\/wp\/v2\/pages\/32\/revisions\/537"}],"wp:attachment":[{"href":"https:\/\/www.byspania.com.py\/index.php\/wp-json\/wp\/v2\/media?parent=32"}],"curies":[{"name":"wp","href":"https:\/\/api.w.org\/{rel}","templated":true}]}}